{"id":35,"date":"2019-12-06T12:32:46","date_gmt":"2019-12-06T12:32:46","guid":{"rendered":"https:\/\/www.elblaeufer.com\/?page_id=35"},"modified":"2024-07-23T08:49:46","modified_gmt":"2024-07-23T08:49:46","slug":"messen-promotion-veranstaltungen","status":"publish","type":"page","link":"https:\/\/www.elblaeufer.com\/?page_id=35","title":{"rendered":"Messen, Promotion &amp; Veranstaltungen"},"content":{"rendered":"\t\t<div data-elementor-type=\"wp-page\" data-elementor-id=\"35\" class=\"elementor elementor-35\" data-elementor-post-type=\"page\">\n\t\t\t\t\t\t<section class=\"elementor-section elementor-top-section elementor-element elementor-element-a11a78c elementor-section-boxed elementor-section-height-default elementor-section-height-default elementor-invisible\" data-id=\"a11a78c\" data-element_type=\"section\" data-e-type=\"section\" data-settings=\"{&quot;animation&quot;:&quot;fadeIn&quot;}\">\n\t\t\t\t\t\t<div class=\"elementor-container elementor-column-gap-default\">\n\t\t\t\t\t<div class=\"elementor-column elementor-col-100 elementor-top-column elementor-element elementor-element-7b1327d\" data-id=\"7b1327d\" data-element_type=\"column\" data-e-type=\"column\">\n\t\t\t<div class=\"elementor-widget-wrap elementor-element-populated\">\n\t\t\t\t\t\t<div class=\"elementor-element elementor-element-9f71968 elementor-widget elementor-widget-text-editor\" data-id=\"9f71968\" data-element_type=\"widget\" data-e-type=\"widget\" data-widget_type=\"text-editor.default\">\n\t\t\t\t<div class=\"elementor-widget-container\">\n\t\t\t\t\t\t\t\t\t<p><\/p>\t\t\t\t\t\t\t\t<\/div>\n\t\t\t\t<\/div>\n\t\t\t\t\t<\/div>\n\t\t<\/div>\n\t\t\t\t\t<\/div>\n\t\t<\/section>\n\t\t\t\t<section class=\"elementor-section elementor-top-section elementor-element elementor-element-5834bd44 elementor-section-full_width elementor-section-height-default elementor-section-height-default\" data-id=\"5834bd44\" data-element_type=\"section\" data-e-type=\"section\">\n\t\t\t\t\t\t<div class=\"elementor-container elementor-column-gap-default\">\n\t\t\t\t\t<div class=\"elementor-column elementor-col-100 elementor-top-column elementor-element elementor-element-3e366bb\" data-id=\"3e366bb\" data-element_type=\"column\" data-e-type=\"column\">\n\t\t\t<div class=\"elementor-widget-wrap elementor-element-populated\">\n\t\t\t\t\t\t<div class=\"elementor-element elementor-element-269852 elementor-invisible elementor-widget elementor-widget-text-editor\" data-id=\"269852\" data-element_type=\"widget\" data-e-type=\"widget\" data-settings=\"{&quot;_animation&quot;:&quot;fadeIn&quot;}\" data-widget_type=\"text-editor.default\">\n\t\t\t\t<div class=\"elementor-widget-container\">\n\t\t\t\t\t\t\t\t\t<p><strong><span style=\"font-size: medium;\">\u201eDie Meisten verwechseln Dabeisein mit Erleben.\u201c <\/span><\/strong><span style=\"font-size: small;\">(Max Frisch)<\/span><\/p>\t\t\t\t\t\t\t\t<\/div>\n\t\t\t\t<\/div>\n\t\t\t\t\t<\/div>\n\t\t<\/div>\n\t\t\t\t\t<\/div>\n\t\t<\/section>\n\t\t\t\t<section class=\"elementor-section elementor-top-section elementor-element elementor-element-31e1b5d9 elementor-section-stretched elementor-section-full_width elementor-section-height-default elementor-section-height-default\" data-id=\"31e1b5d9\" data-element_type=\"section\" data-e-type=\"section\" data-settings=\"{&quot;stretch_section&quot;:&quot;section-stretched&quot;,&quot;background_background&quot;:&quot;classic&quot;}\">\n\t\t\t\t\t\t<div class=\"elementor-container elementor-column-gap-default\">\n\t\t\t\t\t<div class=\"elementor-column elementor-col-100 elementor-top-column elementor-element elementor-element-78edd2db\" data-id=\"78edd2db\" data-element_type=\"column\" data-e-type=\"column\">\n\t\t\t<div class=\"elementor-widget-wrap elementor-element-populated\">\n\t\t\t\t\t\t<div class=\"elementor-element elementor-element-1813edae elementor-headline--style-highlight elementor-widget elementor-widget-animated-headline\" data-id=\"1813edae\" data-element_type=\"widget\" data-e-type=\"widget\" data-settings=\"{&quot;highlighted_text&quot;:&quot;HIER bewerben&quot;,&quot;headline_style&quot;:&quot;highlight&quot;,&quot;marker&quot;:&quot;circle&quot;,&quot;loop&quot;:&quot;yes&quot;,&quot;highlight_animation_duration&quot;:1200,&quot;highlight_iteration_delay&quot;:8000}\" data-widget_type=\"animated-headline.default\">\n\t\t\t\t<div class=\"elementor-widget-container\">\n\t\t\t\t\t\t\t\t<a href=\"https:\/\/www.elblaeufer.com\/?page_id=353\">\n\n\t\t\t\t\t<h3 class=\"elementor-headline\">\n\t\t\t\t\t<span class=\"elementor-headline-plain-text elementor-headline-text-wrapper\">Talente gesucht: <\/span>\n\t\t\t\t<span class=\"elementor-headline-dynamic-wrapper elementor-headline-text-wrapper\">\n\t\t\t\t\t<span class=\"elementor-headline-dynamic-text elementor-headline-text-active\">HIER bewerben<\/span>\n\t\t\t\t<\/span>\n\t\t\t\t<\/h3>\n\t\t<\/a>\t\t\t\t<\/div>\n\t\t\t\t<\/div>\n\t\t\t\t\t<\/div>\n\t\t<\/div>\n\t\t\t\t\t<\/div>\n\t\t<\/section>\n\t\t\t\t<section class=\"elementor-section elementor-top-section elementor-element elementor-element-78599e81 elementor-section-boxed elementor-section-height-default elementor-section-height-default\" data-id=\"78599e81\" data-element_type=\"section\" data-e-type=\"section\">\n\t\t\t\t\t\t<div class=\"elementor-container elementor-column-gap-default\">\n\t\t\t\t\t<div class=\"elementor-column elementor-col-100 elementor-top-column elementor-element elementor-element-1424729\" data-id=\"1424729\" data-element_type=\"column\" data-e-type=\"column\">\n\t\t\t<div class=\"elementor-widget-wrap elementor-element-populated\">\n\t\t\t\t\t\t<div class=\"elementor-element elementor-element-28f7666 elementor-widget elementor-widget-spacer\" data-id=\"28f7666\" data-element_type=\"widget\" data-e-type=\"widget\" data-widget_type=\"spacer.default\">\n\t\t\t\t<div class=\"elementor-widget-container\">\n\t\t\t\t\t\t\t<div class=\"elementor-spacer\">\n\t\t\t<div class=\"elementor-spacer-inner\"><\/div>\n\t\t<\/div>\n\t\t\t\t\t\t<\/div>\n\t\t\t\t<\/div>\n\t\t\t\t<div class=\"elementor-element elementor-element-2a3806e6 elementor-invisible elementor-widget elementor-widget-text-editor\" data-id=\"2a3806e6\" data-element_type=\"widget\" data-e-type=\"widget\" data-settings=\"{&quot;_animation&quot;:&quot;fadeIn&quot;}\" data-widget_type=\"text-editor.default\">\n\t\t\t\t<div class=\"elementor-widget-container\">\n\t\t\t\t\t\t\t\t\t<span style=\"font-size: large;\">Die gro\u00dfe Show aus gro\u00dfem Anlass wird seit Menschengedenken zelebriert. Von jeher hatte der Mensch das Bed\u00fcrfnis Feste zu feiern. Solche Veranstaltungen sind ein Lichtblick im Leben, denn sie durchbrechen die t\u00e4gliche Routine. Feste holen den Menschen aus seinem Alltag heraus und sind in der Lage, die menschlichen Sinne einmal f\u00fcr ganz andere Dinge zu sch\u00e4rfen.\n<br><br>\n<\/span>\n<span style=\"font-size: large;\">\nDer Mensch sehnt sich nach dem Ausbruch aus dem Alltag, jedoch wird es in unserer heutigen Zeit immer schwieriger dieses Bed\u00fcrfnis zu befriedigen, denn Vieles ist heute schon zur Routine und somit zum Alltag geworden. Folglich m\u00fcssen Events immer ausgefallener und interessanter inszeniert werden. Um unseren \u201eBeitrag\u201c dazu zu liefern, allen G\u00e4sten ein unvergessliches Erlebnis zu bieten, suchen wir (m\/w\/d):\n<\/span>\t\t\t\t\t\t\t\t<\/div>\n\t\t\t\t<\/div>\n\t\t\t\t\t<\/div>\n\t\t<\/div>\n\t\t\t\t\t<\/div>\n\t\t<\/section>\n\t\t\t\t<section class=\"elementor-section elementor-top-section elementor-element elementor-element-b75430a elementor-section-boxed elementor-section-height-default elementor-section-height-default\" data-id=\"b75430a\" data-element_type=\"section\" data-e-type=\"section\">\n\t\t\t\t\t\t<div class=\"elementor-container elementor-column-gap-default\">\n\t\t\t\t\t<div class=\"elementor-column elementor-col-100 elementor-top-column elementor-element elementor-element-f6a438b\" data-id=\"f6a438b\" data-element_type=\"column\" data-e-type=\"column\">\n\t\t\t<div class=\"elementor-widget-wrap elementor-element-populated\">\n\t\t\t\t\t\t<div class=\"elementor-element elementor-element-561eaa1 elementor-align-center elementor-icon-list--layout-traditional elementor-list-item-link-full_width elementor-widget elementor-widget-icon-list\" data-id=\"561eaa1\" data-element_type=\"widget\" data-e-type=\"widget\" data-widget_type=\"icon-list.default\">\n\t\t\t\t<div class=\"elementor-widget-container\">\n\t\t\t\t\t\t\t<ul class=\"elementor-icon-list-items\">\n\t\t\t\t\t\t\t<li class=\"elementor-icon-list-item\">\n\t\t\t\t\t\t\t\t\t\t<span class=\"elementor-icon-list-text\">Host\/ess<\/span>\n\t\t\t\t\t\t\t\t\t<\/li>\n\t\t\t\t\t\t\t\t<li class=\"elementor-icon-list-item\">\n\t\t\t\t\t\t\t\t\t\t<span class=\"elementor-icon-list-text\">Promoter<\/span>\n\t\t\t\t\t\t\t\t\t<\/li>\n\t\t\t\t\t\t\t\t<li class=\"elementor-icon-list-item\">\n\t\t\t\t\t\t\t\t\t\t<span class=\"elementor-icon-list-text\">Reisendenlenker<\/span>\n\t\t\t\t\t\t\t\t\t<\/li>\n\t\t\t\t\t\t\t\t<li class=\"elementor-icon-list-item\">\n\t\t\t\t\t\t\t\t\t\t<span class=\"elementor-icon-list-text\">\u201eHelping Hands\u201c f\u00fcr Auf- und Abbau<\/span>\n\t\t\t\t\t\t\t\t\t<\/li>\n\t\t\t\t\t\t<\/ul>\n\t\t\t\t\t\t<\/div>\n\t\t\t\t<\/div>\n\t\t\t\t<div class=\"elementor-element elementor-element-6a05f75 elementor-align-center elementor-invisible elementor-widget elementor-widget-button\" data-id=\"6a05f75\" data-element_type=\"widget\" data-e-type=\"widget\" data-settings=\"{&quot;_animation&quot;:&quot;fadeIn&quot;}\" data-widget_type=\"button.default\">\n\t\t\t\t<div class=\"elementor-widget-container\">\n\t\t\t\t\t\t\t\t\t<div class=\"elementor-button-wrapper\">\n\t\t\t\t\t<a class=\"elementor-button elementor-button-link elementor-size-sm\" href=\"https:\/\/www.elblaeufer.com\/?page_id=353\">\n\t\t\t\t\t\t<span class=\"elementor-button-content-wrapper\">\n\t\t\t\t\t\t\t\t\t<span class=\"elementor-button-text\">JETZT bewerben<\/span>\n\t\t\t\t\t<\/span>\n\t\t\t\t\t<\/a>\n\t\t\t\t<\/div>\n\t\t\t\t\t\t\t\t<\/div>\n\t\t\t\t<\/div>\n\t\t\t\t\t<\/div>\n\t\t<\/div>\n\t\t\t\t\t<\/div>\n\t\t<\/section>\n\t\t\t\t<\/div>\n\t\t","protected":false},"excerpt":{"rendered":"<p>\u201eDie Meisten verwechseln Dabeisein mit Erleben.\u201c (Max Frisch) Talente gesucht: HIER bewerben Die gro\u00dfe Show aus gro\u00dfem Anlass wird seit Menschengedenken zelebriert. Von jeher hatte der Mensch das Bed\u00fcrfnis Feste zu feiern. Solche Veranstaltungen sind ein Lichtblick im Leben, denn sie durchbrechen die t\u00e4gliche Routine. Feste holen den Menschen aus seinem Alltag heraus und sind [&hellip;]<\/p>\n","protected":false},"author":1,"featured_media":0,"parent":0,"menu_order":0,"comment_status":"closed","ping_status":"closed","template":"","meta":{"sfsi_plus_gutenberg_text_before_share":"","sfsi_plus_gutenberg_show_text_before_share":"","sfsi_plus_gutenberg_icon_type":"","sfsi_plus_gutenberg_icon_alignemt":"","sfsi_plus_gutenburg_max_per_row":"","footnotes":""},"class_list":["post-35","page","type-page","status-publish","hentry"],"yoast_head":"<!-- This site is optimized with the Yoast SEO plugin v26.8 - https:\/\/yoast.com\/product\/yoast-seo-wordpress\/ -->\n<title>Messen, Promotion &amp; Veranstaltungen - Elbl\u00e4ufer<\/title>\n<meta name=\"robots\" content=\"index, follow, max-snippet:-1, max-image-preview:large, max-video-preview:-1\" \/>\n<link rel=\"canonical\" href=\"https:\/\/www.elblaeufer.com\/?page_id=35\" \/>\n<meta property=\"og:locale\" content=\"de_DE\" \/>\n<meta property=\"og:type\" content=\"article\" \/>\n<meta property=\"og:title\" content=\"Messen, Promotion &amp; Veranstaltungen - Elbl\u00e4ufer\" \/>\n<meta property=\"og:description\" content=\"\u201eDie Meisten verwechseln Dabeisein mit Erleben.\u201c (Max Frisch) Talente gesucht: HIER bewerben Die gro\u00dfe Show aus gro\u00dfem Anlass wird seit Menschengedenken zelebriert. Von jeher hatte der Mensch das Bed\u00fcrfnis Feste zu feiern. Solche Veranstaltungen sind ein Lichtblick im Leben, denn sie durchbrechen die t\u00e4gliche Routine. Feste holen den Menschen aus seinem Alltag heraus und sind [&hellip;]\" \/>\n<meta property=\"og:url\" content=\"https:\/\/www.elblaeufer.com\/?page_id=35\" \/>\n<meta property=\"og:site_name\" content=\"Elbl\u00e4ufer\" \/>\n<meta property=\"article:modified_time\" content=\"2024-07-23T08:49:46+00:00\" \/>\n<meta name=\"twitter:card\" content=\"summary_large_image\" \/>\n<meta name=\"twitter:label1\" content=\"Gesch\u00e4tzte Lesezeit\" \/>\n\t<meta name=\"twitter:data1\" content=\"1\u00a0Minute\" \/>\n<script type=\"application\/ld+json\" class=\"yoast-schema-graph\">{\"@context\":\"https:\/\/schema.org\",\"@graph\":[{\"@type\":\"WebPage\",\"@id\":\"https:\/\/www.elblaeufer.com\/?page_id=35\",\"url\":\"https:\/\/www.elblaeufer.com\/?page_id=35\",\"name\":\"Messen, Promotion &amp; Veranstaltungen - Elbl\u00e4ufer\",\"isPartOf\":{\"@id\":\"https:\/\/www.elblaeufer.com\/#website\"},\"datePublished\":\"2019-12-06T12:32:46+00:00\",\"dateModified\":\"2024-07-23T08:49:46+00:00\",\"breadcrumb\":{\"@id\":\"https:\/\/www.elblaeufer.com\/?page_id=35#breadcrumb\"},\"inLanguage\":\"de\",\"potentialAction\":[{\"@type\":\"ReadAction\",\"target\":[\"https:\/\/www.elblaeufer.com\/?page_id=35\"]}]},{\"@type\":\"BreadcrumbList\",\"@id\":\"https:\/\/www.elblaeufer.com\/?page_id=35#breadcrumb\",\"itemListElement\":[{\"@type\":\"ListItem\",\"position\":1,\"name\":\"Startseite\",\"item\":\"https:\/\/www.elblaeufer.com\/\"},{\"@type\":\"ListItem\",\"position\":2,\"name\":\"Messen, Promotion &amp; Veranstaltungen\"}]},{\"@type\":\"WebSite\",\"@id\":\"https:\/\/www.elblaeufer.com\/#website\",\"url\":\"https:\/\/www.elblaeufer.com\/\",\"name\":\"Elbl\u00e4ufer\",\"description\":\"\",\"publisher\":{\"@id\":\"https:\/\/www.elblaeufer.com\/#organization\"},\"potentialAction\":[{\"@type\":\"SearchAction\",\"target\":{\"@type\":\"EntryPoint\",\"urlTemplate\":\"https:\/\/www.elblaeufer.com\/?s={search_term_string}\"},\"query-input\":{\"@type\":\"PropertyValueSpecification\",\"valueRequired\":true,\"valueName\":\"search_term_string\"}}],\"inLanguage\":\"de\"},{\"@type\":\"Organization\",\"@id\":\"https:\/\/www.elblaeufer.com\/#organization\",\"name\":\"Elbl\u00e4ufer\",\"url\":\"https:\/\/www.elblaeufer.com\/\",\"logo\":{\"@type\":\"ImageObject\",\"inLanguage\":\"de\",\"@id\":\"https:\/\/www.elblaeufer.com\/#\/schema\/logo\/image\/\",\"url\":\"https:\/\/www.elblaeufer.com\/wp-content\/uploads\/2019\/12\/cropped-ELBLA\u00a6\u00eaUFER-Logo-vertikal-02.png\",\"contentUrl\":\"https:\/\/www.elblaeufer.com\/wp-content\/uploads\/2019\/12\/cropped-ELBLA\u00a6\u00eaUFER-Logo-vertikal-02.png\",\"width\":1843,\"height\":426,\"caption\":\"Elbl\u00e4ufer\"},\"image\":{\"@id\":\"https:\/\/www.elblaeufer.com\/#\/schema\/logo\/image\/\"}}]}<\/script>\n<!-- \/ Yoast SEO plugin. -->","yoast_head_json":{"title":"Messen, Promotion &amp; Veranstaltungen - Elbl\u00e4ufer","robots":{"index":"index","follow":"follow","max-snippet":"max-snippet:-1","max-image-preview":"max-image-preview:large","max-video-preview":"max-video-preview:-1"},"canonical":"https:\/\/www.elblaeufer.com\/?page_id=35","og_locale":"de_DE","og_type":"article","og_title":"Messen, Promotion &amp; Veranstaltungen - Elbl\u00e4ufer","og_description":"\u201eDie Meisten verwechseln Dabeisein mit Erleben.\u201c (Max Frisch) Talente gesucht: HIER bewerben Die gro\u00dfe Show aus gro\u00dfem Anlass wird seit Menschengedenken zelebriert. Von jeher hatte der Mensch das Bed\u00fcrfnis Feste zu feiern. Solche Veranstaltungen sind ein Lichtblick im Leben, denn sie durchbrechen die t\u00e4gliche Routine. Feste holen den Menschen aus seinem Alltag heraus und sind [&hellip;]","og_url":"https:\/\/www.elblaeufer.com\/?page_id=35","og_site_name":"Elbl\u00e4ufer","article_modified_time":"2024-07-23T08:49:46+00:00","twitter_card":"summary_large_image","twitter_misc":{"Gesch\u00e4tzte Lesezeit":"1\u00a0Minute"},"schema":{"@context":"https:\/\/schema.org","@graph":[{"@type":"WebPage","@id":"https:\/\/www.elblaeufer.com\/?page_id=35","url":"https:\/\/www.elblaeufer.com\/?page_id=35","name":"Messen, Promotion &amp; Veranstaltungen - Elbl\u00e4ufer","isPartOf":{"@id":"https:\/\/www.elblaeufer.com\/#website"},"datePublished":"2019-12-06T12:32:46+00:00","dateModified":"2024-07-23T08:49:46+00:00","breadcrumb":{"@id":"https:\/\/www.elblaeufer.com\/?page_id=35#breadcrumb"},"inLanguage":"de","potentialAction":[{"@type":"ReadAction","target":["https:\/\/www.elblaeufer.com\/?page_id=35"]}]},{"@type":"BreadcrumbList","@id":"https:\/\/www.elblaeufer.com\/?page_id=35#breadcrumb","itemListElement":[{"@type":"ListItem","position":1,"name":"Startseite","item":"https:\/\/www.elblaeufer.com\/"},{"@type":"ListItem","position":2,"name":"Messen, Promotion &amp; Veranstaltungen"}]},{"@type":"WebSite","@id":"https:\/\/www.elblaeufer.com\/#website","url":"https:\/\/www.elblaeufer.com\/","name":"Elbl\u00e4ufer","description":"","publisher":{"@id":"https:\/\/www.elblaeufer.com\/#organization"},"potentialAction":[{"@type":"SearchAction","target":{"@type":"EntryPoint","urlTemplate":"https:\/\/www.elblaeufer.com\/?s={search_term_string}"},"query-input":{"@type":"PropertyValueSpecification","valueRequired":true,"valueName":"search_term_string"}}],"inLanguage":"de"},{"@type":"Organization","@id":"https:\/\/www.elblaeufer.com\/#organization","name":"Elbl\u00e4ufer","url":"https:\/\/www.elblaeufer.com\/","logo":{"@type":"ImageObject","inLanguage":"de","@id":"https:\/\/www.elblaeufer.com\/#\/schema\/logo\/image\/","url":"https:\/\/www.elblaeufer.com\/wp-content\/uploads\/2019\/12\/cropped-ELBLA\u00a6\u00eaUFER-Logo-vertikal-02.png","contentUrl":"https:\/\/www.elblaeufer.com\/wp-content\/uploads\/2019\/12\/cropped-ELBLA\u00a6\u00eaUFER-Logo-vertikal-02.png","width":1843,"height":426,"caption":"Elbl\u00e4ufer"},"image":{"@id":"https:\/\/www.elblaeufer.com\/#\/schema\/logo\/image\/"}}]}},"jetpack_sharing_enabled":true,"_links":{"self":[{"href":"https:\/\/www.elblaeufer.com\/index.php?rest_route=\/wp\/v2\/pages\/35","targetHints":{"allow":["GET"]}}],"collection":[{"href":"https:\/\/www.elblaeufer.com\/index.php?rest_route=\/wp\/v2\/pages"}],"about":[{"href":"https:\/\/www.elblaeufer.com\/index.php?rest_route=\/wp\/v2\/types\/page"}],"author":[{"embeddable":true,"href":"https:\/\/www.elblaeufer.com\/index.php?rest_route=\/wp\/v2\/users\/1"}],"replies":[{"embeddable":true,"href":"https:\/\/www.elblaeufer.com\/index.php?rest_route=%2Fwp%2Fv2%2Fcomments&post=35"}],"version-history":[{"count":22,"href":"https:\/\/www.elblaeufer.com\/index.php?rest_route=\/wp\/v2\/pages\/35\/revisions"}],"predecessor-version":[{"id":701,"href":"https:\/\/www.elblaeufer.com\/index.php?rest_route=\/wp\/v2\/pages\/35\/revisions\/701"}],"wp:attachment":[{"href":"https:\/\/www.elblaeufer.com\/index.php?rest_route=%2Fwp%2Fv2%2Fmedia&parent=35"}],"curies":[{"name":"wp","href":"https:\/\/api.w.org\/{rel}","templated":true}]}}