{"id":37,"date":"2019-12-06T12:33:08","date_gmt":"2019-12-06T12:33:08","guid":{"rendered":"https:\/\/www.elblaeufer.com\/?page_id=37"},"modified":"2020-01-21T14:42:20","modified_gmt":"2020-01-21T14:42:20","slug":"logistik-gueter-personalverkehr","status":"publish","type":"page","link":"https:\/\/www.elblaeufer.com\/?page_id=37","title":{"rendered":"Logistik (G\u00fcter &#038; Personenverkehr)"},"content":{"rendered":"\t\t<div data-elementor-type=\"wp-page\" data-elementor-id=\"37\" class=\"elementor elementor-37\" data-elementor-post-type=\"page\">\n\t\t\t\t\t\t<section class=\"elementor-section elementor-top-section elementor-element elementor-element-3f20b5e elementor-section-boxed elementor-section-height-default elementor-section-height-default\" data-id=\"3f20b5e\" data-element_type=\"section\" data-e-type=\"section\">\n\t\t\t\t\t\t<div class=\"elementor-container elementor-column-gap-default\">\n\t\t\t\t\t<div class=\"elementor-column elementor-col-100 elementor-top-column elementor-element elementor-element-3d00097\" data-id=\"3d00097\" data-element_type=\"column\" data-e-type=\"column\">\n\t\t\t<div class=\"elementor-widget-wrap elementor-element-populated\">\n\t\t\t\t\t\t<div class=\"elementor-element elementor-element-c362fb8 elementor-widget elementor-widget-text-editor\" data-id=\"c362fb8\" data-element_type=\"widget\" data-e-type=\"widget\" data-widget_type=\"text-editor.default\">\n\t\t\t\t<div class=\"elementor-widget-container\">\n\t\t\t\t\t\t\t\t\t<p><\/p>\t\t\t\t\t\t\t\t<\/div>\n\t\t\t\t<\/div>\n\t\t\t\t\t<\/div>\n\t\t<\/div>\n\t\t\t\t\t<\/div>\n\t\t<\/section>\n\t\t\t\t<section class=\"elementor-section elementor-top-section elementor-element elementor-element-7efa21f elementor-section-full_width elementor-section-height-default elementor-section-height-default\" data-id=\"7efa21f\" data-element_type=\"section\" data-e-type=\"section\">\n\t\t\t\t\t\t<div class=\"elementor-container elementor-column-gap-default\">\n\t\t\t\t\t<div class=\"elementor-column elementor-col-100 elementor-top-column elementor-element elementor-element-a9515a3\" data-id=\"a9515a3\" data-element_type=\"column\" data-e-type=\"column\">\n\t\t\t<div class=\"elementor-widget-wrap elementor-element-populated\">\n\t\t\t\t\t\t<div class=\"elementor-element elementor-element-58c3511 elementor-invisible elementor-widget elementor-widget-text-editor\" data-id=\"58c3511\" data-element_type=\"widget\" data-e-type=\"widget\" data-settings=\"{&quot;_animation&quot;:&quot;fadeIn&quot;}\" data-widget_type=\"text-editor.default\">\n\t\t\t\t<div class=\"elementor-widget-container\">\n\t\t\t\t\t\t\t\t\t<p><strong><span style=\"font-size: medium;\">\u201eDie Mobilit\u00e4t von Menschen und G\u00fctern ist nicht Folge, sondern Grundlage unseres Wohlstands.\u201c <\/span><\/strong><span style=\"font-size: small;\">(Eberhard von Kuenheim)<\/span><\/p>\t\t\t\t\t\t\t\t<\/div>\n\t\t\t\t<\/div>\n\t\t\t\t\t<\/div>\n\t\t<\/div>\n\t\t\t\t\t<\/div>\n\t\t<\/section>\n\t\t\t\t<section class=\"elementor-section elementor-top-section elementor-element elementor-element-353701f9 elementor-section-stretched elementor-section-full_width elementor-section-height-default elementor-section-height-default\" data-id=\"353701f9\" data-element_type=\"section\" data-e-type=\"section\" data-settings=\"{&quot;stretch_section&quot;:&quot;section-stretched&quot;,&quot;background_background&quot;:&quot;classic&quot;}\">\n\t\t\t\t\t\t<div class=\"elementor-container elementor-column-gap-default\">\n\t\t\t\t\t<div class=\"elementor-column elementor-col-100 elementor-top-column elementor-element elementor-element-31d61d0e\" data-id=\"31d61d0e\" data-element_type=\"column\" data-e-type=\"column\">\n\t\t\t<div class=\"elementor-widget-wrap elementor-element-populated\">\n\t\t\t\t\t\t<div class=\"elementor-element elementor-element-75245fdf elementor-headline--style-highlight elementor-widget elementor-widget-animated-headline\" data-id=\"75245fdf\" data-element_type=\"widget\" data-e-type=\"widget\" data-settings=\"{&quot;highlighted_text&quot;:&quot;HIER bewerben&quot;,&quot;headline_style&quot;:&quot;highlight&quot;,&quot;marker&quot;:&quot;circle&quot;,&quot;loop&quot;:&quot;yes&quot;,&quot;highlight_animation_duration&quot;:1200,&quot;highlight_iteration_delay&quot;:8000}\" data-widget_type=\"animated-headline.default\">\n\t\t\t\t<div class=\"elementor-widget-container\">\n\t\t\t\t\t\t\t\t<a href=\"https:\/\/www.elblaeufer.com\/?page_id=353\">\n\n\t\t\t\t\t<h3 class=\"elementor-headline\">\n\t\t\t\t\t<span class=\"elementor-headline-plain-text elementor-headline-text-wrapper\">Talente gesucht: <\/span>\n\t\t\t\t<span class=\"elementor-headline-dynamic-wrapper elementor-headline-text-wrapper\">\n\t\t\t\t\t<span class=\"elementor-headline-dynamic-text elementor-headline-text-active\">HIER bewerben<\/span>\n\t\t\t\t<\/span>\n\t\t\t\t<\/h3>\n\t\t<\/a>\t\t\t\t<\/div>\n\t\t\t\t<\/div>\n\t\t\t\t\t<\/div>\n\t\t<\/div>\n\t\t\t\t\t<\/div>\n\t\t<\/section>\n\t\t\t\t<section class=\"elementor-section elementor-top-section elementor-element elementor-element-20f515d7 elementor-section-boxed elementor-section-height-default elementor-section-height-default\" data-id=\"20f515d7\" data-element_type=\"section\" data-e-type=\"section\">\n\t\t\t\t\t\t<div class=\"elementor-container elementor-column-gap-default\">\n\t\t\t\t\t<div class=\"elementor-column elementor-col-100 elementor-top-column elementor-element elementor-element-5ec6e831\" data-id=\"5ec6e831\" data-element_type=\"column\" data-e-type=\"column\">\n\t\t\t<div class=\"elementor-widget-wrap elementor-element-populated\">\n\t\t\t\t\t\t<div class=\"elementor-element elementor-element-a676f40 elementor-widget elementor-widget-spacer\" data-id=\"a676f40\" data-element_type=\"widget\" data-e-type=\"widget\" data-widget_type=\"spacer.default\">\n\t\t\t\t<div class=\"elementor-widget-container\">\n\t\t\t\t\t\t\t<div class=\"elementor-spacer\">\n\t\t\t<div class=\"elementor-spacer-inner\"><\/div>\n\t\t<\/div>\n\t\t\t\t\t\t<\/div>\n\t\t\t\t<\/div>\n\t\t\t\t<div class=\"elementor-element elementor-element-7f7198ef elementor-invisible elementor-widget elementor-widget-text-editor\" data-id=\"7f7198ef\" data-element_type=\"widget\" data-e-type=\"widget\" data-settings=\"{&quot;_animation&quot;:&quot;fadeIn&quot;}\" data-widget_type=\"text-editor.default\">\n\t\t\t\t<div class=\"elementor-widget-container\">\n\t\t\t\t\t\t\t\t\t<span style=\"font-size: large;\">Um diesen Wohlstand f\u00fcr uns und nachfolgende Generationen zu sichern und ein bisschen Kindertr\u00e4ume wahr werden zu lassen suchen wir (m\/w\/d):\n\n<br><br>\n\n<center>\n \t<li>Lokf\u00fchrer (u.a. f\u00fcr die Baureihen 185\/186 und 187)<\/li>\n \t<li>Zugbegleiter<\/li>\n \t<li>Berufsflugzeugf\u00fchrer (ATPL und CPL)<\/li>\n \t<li>Flugbegleiter<\/li>\n \t<li>Berufskraftfahrer\n(Fahrerlaubnisklassen B, C\/E und D\/E)<\/li>\n \t<li>Staplerfahrer<\/li>\n<\/center><br><br>\nWir bieten au\u00dferdem die M\u00f6glichkeit, an einer Umschulung zum Lokf\u00fchrer teilzunehmen, die vom Arbeitsamt gef\u00f6rdert werden kann. Wir garantieren Ihnen bereits mit Beginn der Umschulung die \u00dcbernahme in ein festes Arbeitsverh\u00e4ltnis, f\u00fcr den Fall des erfolgreichen Abschlusses der Ausbildung.Vor der Teilnahme sollten Sie sich selbst aber bitte unbedingt folgende Fragen beantworten:\n<br><br>\n \t<li style=\"text-align: left;\">Reicht Ihre momentane finanzielle Situation aus, um 12 Monate der Weiterbildung nicht in finanzielle Engp\u00e4sse zu geraten?<\/li>\n \t<li style=\"text-align: left;\">Stehen private Verpflichtungen in Konflikt mit der Ausbildung, die zumindest drei Wochen auf einem Rangierbahnhof und drei Monate als deutschlandweites Fahrpraktikum stattfinden wird?<\/li>\n \t<li style=\"text-align: left;\">Trauen Sie sich zu, noch einmal die Schulbank zu dr\u00fccken?<\/li>\n \t<li style=\"text-align: left;\">Haben Sie sich mit dem Berufsbild des Lokf\u00fchrers auseinander gesetzt und wissen, welche Aufgaben und Pflichten auf Sie zukommen?<\/li>\n<\/ul>\t\t\t\t\t\t\t\t<\/div>\n\t\t\t\t<\/div>\n\t\t\t\t\t<\/div>\n\t\t<\/div>\n\t\t\t\t\t<\/div>\n\t\t<\/section>\n\t\t\t\t<section class=\"elementor-section elementor-top-section elementor-element elementor-element-9c3c826 elementor-section-boxed elementor-section-height-default elementor-section-height-default\" data-id=\"9c3c826\" data-element_type=\"section\" data-e-type=\"section\">\n\t\t\t\t\t\t<div class=\"elementor-container elementor-column-gap-default\">\n\t\t\t\t\t<div class=\"elementor-column elementor-col-100 elementor-top-column elementor-element elementor-element-8feb38c\" data-id=\"8feb38c\" data-element_type=\"column\" data-e-type=\"column\">\n\t\t\t<div class=\"elementor-widget-wrap elementor-element-populated\">\n\t\t\t\t\t\t<div class=\"elementor-element elementor-element-11b36a2 elementor-align-center elementor-invisible elementor-widget elementor-widget-button\" data-id=\"11b36a2\" data-element_type=\"widget\" data-e-type=\"widget\" data-settings=\"{&quot;_animation&quot;:&quot;fadeIn&quot;}\" data-widget_type=\"button.default\">\n\t\t\t\t<div class=\"elementor-widget-container\">\n\t\t\t\t\t\t\t\t\t<div class=\"elementor-button-wrapper\">\n\t\t\t\t\t<a class=\"elementor-button elementor-button-link elementor-size-sm\" href=\"https:\/\/www.elblaeufer.com\/?page_id=353\">\n\t\t\t\t\t\t<span class=\"elementor-button-content-wrapper\">\n\t\t\t\t\t\t\t\t\t<span class=\"elementor-button-text\">JETZT bewerben<\/span>\n\t\t\t\t\t<\/span>\n\t\t\t\t\t<\/a>\n\t\t\t\t<\/div>\n\t\t\t\t\t\t\t\t<\/div>\n\t\t\t\t<\/div>\n\t\t\t\t\t<\/div>\n\t\t<\/div>\n\t\t\t\t\t<\/div>\n\t\t<\/section>\n\t\t\t\t<\/div>\n\t\t","protected":false},"excerpt":{"rendered":"<p>\u201eDie Mobilit\u00e4t von Menschen und G\u00fctern ist nicht Folge, sondern Grundlage unseres Wohlstands.\u201c (Eberhard von Kuenheim)<\/p>\n","protected":false},"author":1,"featured_media":0,"parent":0,"menu_order":0,"comment_status":"closed","ping_status":"closed","template":"","meta":{"sfsi_plus_gutenberg_text_before_share":"","sfsi_plus_gutenberg_show_text_before_share":"","sfsi_plus_gutenberg_icon_type":"","sfsi_plus_gutenberg_icon_alignemt":"","sfsi_plus_gutenburg_max_per_row":"","footnotes":""},"class_list":["post-37","page","type-page","status-publish","hentry"],"yoast_head":"<!-- This site is optimized with the Yoast SEO plugin v26.8 - https:\/\/yoast.com\/product\/yoast-seo-wordpress\/ -->\n<title>Logistik (G\u00fcter &amp; Personenverkehr) - Elbl\u00e4ufer<\/title>\n<meta name=\"robots\" content=\"index, follow, max-snippet:-1, max-image-preview:large, max-video-preview:-1\" \/>\n<link rel=\"canonical\" href=\"https:\/\/www.elblaeufer.com\/?page_id=37\" \/>\n<meta property=\"og:locale\" content=\"de_DE\" \/>\n<meta property=\"og:type\" content=\"article\" \/>\n<meta property=\"og:title\" content=\"Logistik (G\u00fcter &amp; Personenverkehr) - Elbl\u00e4ufer\" \/>\n<meta property=\"og:description\" content=\"\u201eDie Mobilit\u00e4t von Menschen und G\u00fctern ist nicht Folge, sondern Grundlage unseres Wohlstands.\u201c (Eberhard von Kuenheim)\" \/>\n<meta property=\"og:url\" content=\"https:\/\/www.elblaeufer.com\/?page_id=37\" \/>\n<meta property=\"og:site_name\" content=\"Elbl\u00e4ufer\" \/>\n<meta property=\"article:modified_time\" content=\"2020-01-21T14:42:20+00:00\" \/>\n<meta name=\"twitter:card\" content=\"summary_large_image\" \/>\n<script type=\"application\/ld+json\" class=\"yoast-schema-graph\">{\"@context\":\"https:\/\/schema.org\",\"@graph\":[{\"@type\":\"WebPage\",\"@id\":\"https:\/\/www.elblaeufer.com\/?page_id=37\",\"url\":\"https:\/\/www.elblaeufer.com\/?page_id=37\",\"name\":\"Logistik (G\u00fcter & Personenverkehr) - Elbl\u00e4ufer\",\"isPartOf\":{\"@id\":\"https:\/\/www.elblaeufer.com\/#website\"},\"datePublished\":\"2019-12-06T12:33:08+00:00\",\"dateModified\":\"2020-01-21T14:42:20+00:00\",\"breadcrumb\":{\"@id\":\"https:\/\/www.elblaeufer.com\/?page_id=37#breadcrumb\"},\"inLanguage\":\"de\",\"potentialAction\":[{\"@type\":\"ReadAction\",\"target\":[\"https:\/\/www.elblaeufer.com\/?page_id=37\"]}]},{\"@type\":\"BreadcrumbList\",\"@id\":\"https:\/\/www.elblaeufer.com\/?page_id=37#breadcrumb\",\"itemListElement\":[{\"@type\":\"ListItem\",\"position\":1,\"name\":\"Startseite\",\"item\":\"https:\/\/www.elblaeufer.com\/\"},{\"@type\":\"ListItem\",\"position\":2,\"name\":\"Logistik (G\u00fcter &#038; Personenverkehr)\"}]},{\"@type\":\"WebSite\",\"@id\":\"https:\/\/www.elblaeufer.com\/#website\",\"url\":\"https:\/\/www.elblaeufer.com\/\",\"name\":\"Elbl\u00e4ufer\",\"description\":\"\",\"publisher\":{\"@id\":\"https:\/\/www.elblaeufer.com\/#organization\"},\"potentialAction\":[{\"@type\":\"SearchAction\",\"target\":{\"@type\":\"EntryPoint\",\"urlTemplate\":\"https:\/\/www.elblaeufer.com\/?s={search_term_string}\"},\"query-input\":{\"@type\":\"PropertyValueSpecification\",\"valueRequired\":true,\"valueName\":\"search_term_string\"}}],\"inLanguage\":\"de\"},{\"@type\":\"Organization\",\"@id\":\"https:\/\/www.elblaeufer.com\/#organization\",\"name\":\"Elbl\u00e4ufer\",\"url\":\"https:\/\/www.elblaeufer.com\/\",\"logo\":{\"@type\":\"ImageObject\",\"inLanguage\":\"de\",\"@id\":\"https:\/\/www.elblaeufer.com\/#\/schema\/logo\/image\/\",\"url\":\"https:\/\/www.elblaeufer.com\/wp-content\/uploads\/2019\/12\/cropped-ELBLA\u00a6\u00eaUFER-Logo-vertikal-02.png\",\"contentUrl\":\"https:\/\/www.elblaeufer.com\/wp-content\/uploads\/2019\/12\/cropped-ELBLA\u00a6\u00eaUFER-Logo-vertikal-02.png\",\"width\":1843,\"height\":426,\"caption\":\"Elbl\u00e4ufer\"},\"image\":{\"@id\":\"https:\/\/www.elblaeufer.com\/#\/schema\/logo\/image\/\"}}]}<\/script>\n<!-- \/ Yoast SEO plugin. -->","yoast_head_json":{"title":"Logistik (G\u00fcter & Personenverkehr) - Elbl\u00e4ufer","robots":{"index":"index","follow":"follow","max-snippet":"max-snippet:-1","max-image-preview":"max-image-preview:large","max-video-preview":"max-video-preview:-1"},"canonical":"https:\/\/www.elblaeufer.com\/?page_id=37","og_locale":"de_DE","og_type":"article","og_title":"Logistik (G\u00fcter & Personenverkehr) - Elbl\u00e4ufer","og_description":"\u201eDie Mobilit\u00e4t von Menschen und G\u00fctern ist nicht Folge, sondern Grundlage unseres Wohlstands.\u201c (Eberhard von Kuenheim)","og_url":"https:\/\/www.elblaeufer.com\/?page_id=37","og_site_name":"Elbl\u00e4ufer","article_modified_time":"2020-01-21T14:42:20+00:00","twitter_card":"summary_large_image","schema":{"@context":"https:\/\/schema.org","@graph":[{"@type":"WebPage","@id":"https:\/\/www.elblaeufer.com\/?page_id=37","url":"https:\/\/www.elblaeufer.com\/?page_id=37","name":"Logistik (G\u00fcter & Personenverkehr) - Elbl\u00e4ufer","isPartOf":{"@id":"https:\/\/www.elblaeufer.com\/#website"},"datePublished":"2019-12-06T12:33:08+00:00","dateModified":"2020-01-21T14:42:20+00:00","breadcrumb":{"@id":"https:\/\/www.elblaeufer.com\/?page_id=37#breadcrumb"},"inLanguage":"de","potentialAction":[{"@type":"ReadAction","target":["https:\/\/www.elblaeufer.com\/?page_id=37"]}]},{"@type":"BreadcrumbList","@id":"https:\/\/www.elblaeufer.com\/?page_id=37#breadcrumb","itemListElement":[{"@type":"ListItem","position":1,"name":"Startseite","item":"https:\/\/www.elblaeufer.com\/"},{"@type":"ListItem","position":2,"name":"Logistik (G\u00fcter &#038; Personenverkehr)"}]},{"@type":"WebSite","@id":"https:\/\/www.elblaeufer.com\/#website","url":"https:\/\/www.elblaeufer.com\/","name":"Elbl\u00e4ufer","description":"","publisher":{"@id":"https:\/\/www.elblaeufer.com\/#organization"},"potentialAction":[{"@type":"SearchAction","target":{"@type":"EntryPoint","urlTemplate":"https:\/\/www.elblaeufer.com\/?s={search_term_string}"},"query-input":{"@type":"PropertyValueSpecification","valueRequired":true,"valueName":"search_term_string"}}],"inLanguage":"de"},{"@type":"Organization","@id":"https:\/\/www.elblaeufer.com\/#organization","name":"Elbl\u00e4ufer","url":"https:\/\/www.elblaeufer.com\/","logo":{"@type":"ImageObject","inLanguage":"de","@id":"https:\/\/www.elblaeufer.com\/#\/schema\/logo\/image\/","url":"https:\/\/www.elblaeufer.com\/wp-content\/uploads\/2019\/12\/cropped-ELBLA\u00a6\u00eaUFER-Logo-vertikal-02.png","contentUrl":"https:\/\/www.elblaeufer.com\/wp-content\/uploads\/2019\/12\/cropped-ELBLA\u00a6\u00eaUFER-Logo-vertikal-02.png","width":1843,"height":426,"caption":"Elbl\u00e4ufer"},"image":{"@id":"https:\/\/www.elblaeufer.com\/#\/schema\/logo\/image\/"}}]}},"jetpack_sharing_enabled":true,"_links":{"self":[{"href":"https:\/\/www.elblaeufer.com\/index.php?rest_route=\/wp\/v2\/pages\/37","targetHints":{"allow":["GET"]}}],"collection":[{"href":"https:\/\/www.elblaeufer.com\/index.php?rest_route=\/wp\/v2\/pages"}],"about":[{"href":"https:\/\/www.elblaeufer.com\/index.php?rest_route=\/wp\/v2\/types\/page"}],"author":[{"embeddable":true,"href":"https:\/\/www.elblaeufer.com\/index.php?rest_route=\/wp\/v2\/users\/1"}],"replies":[{"embeddable":true,"href":"https:\/\/www.elblaeufer.com\/index.php?rest_route=%2Fwp%2Fv2%2Fcomments&post=37"}],"version-history":[{"count":14,"href":"https:\/\/www.elblaeufer.com\/index.php?rest_route=\/wp\/v2\/pages\/37\/revisions"}],"predecessor-version":[{"id":452,"href":"https:\/\/www.elblaeufer.com\/index.php?rest_route=\/wp\/v2\/pages\/37\/revisions\/452"}],"wp:attachment":[{"href":"https:\/\/www.elblaeufer.com\/index.php?rest_route=%2Fwp%2Fv2%2Fmedia&parent=37"}],"curies":[{"name":"wp","href":"https:\/\/api.w.org\/{rel}","templated":true}]}}