{"id":41,"date":"2019-12-06T12:33:56","date_gmt":"2019-12-06T12:33:56","guid":{"rendered":"https:\/\/www.elblaeufer.com\/?page_id=41"},"modified":"2020-01-06T17:09:16","modified_gmt":"2020-01-06T17:09:16","slug":"sozialberufe","status":"publish","type":"page","link":"https:\/\/www.elblaeufer.com\/?page_id=41","title":{"rendered":"Sozialberufe"},"content":{"rendered":"\t\t<div data-elementor-type=\"wp-page\" data-elementor-id=\"41\" class=\"elementor elementor-41\" data-elementor-post-type=\"page\">\n\t\t\t\t\t\t<section class=\"elementor-section elementor-top-section elementor-element elementor-element-d397008 elementor-section-boxed elementor-section-height-default elementor-section-height-default\" data-id=\"d397008\" data-element_type=\"section\" data-e-type=\"section\">\n\t\t\t\t\t\t<div class=\"elementor-container elementor-column-gap-default\">\n\t\t\t\t\t<div class=\"elementor-column elementor-col-100 elementor-top-column elementor-element elementor-element-3b77d4f\" data-id=\"3b77d4f\" data-element_type=\"column\" data-e-type=\"column\">\n\t\t\t<div class=\"elementor-widget-wrap elementor-element-populated\">\n\t\t\t\t\t\t<div class=\"elementor-element elementor-element-4df27d4 elementor-invisible elementor-widget elementor-widget-text-editor\" data-id=\"4df27d4\" data-element_type=\"widget\" data-e-type=\"widget\" data-settings=\"{&quot;_animation&quot;:&quot;fadeIn&quot;}\" data-widget_type=\"text-editor.default\">\n\t\t\t\t<div class=\"elementor-widget-container\">\n\t\t\t\t\t\t\t\t\t<p><\/p>\t\t\t\t\t\t\t\t<\/div>\n\t\t\t\t<\/div>\n\t\t\t\t\t<\/div>\n\t\t<\/div>\n\t\t\t\t\t<\/div>\n\t\t<\/section>\n\t\t\t\t<section class=\"elementor-section elementor-top-section elementor-element elementor-element-1f190777 elementor-section-full_width elementor-section-height-default elementor-section-height-default\" data-id=\"1f190777\" data-element_type=\"section\" data-e-type=\"section\">\n\t\t\t\t\t\t<div class=\"elementor-container elementor-column-gap-default\">\n\t\t\t\t\t<div class=\"elementor-column elementor-col-100 elementor-top-column elementor-element elementor-element-619404c\" data-id=\"619404c\" data-element_type=\"column\" data-e-type=\"column\">\n\t\t\t<div class=\"elementor-widget-wrap elementor-element-populated\">\n\t\t\t\t\t\t<div class=\"elementor-element elementor-element-7bbf0965 elementor-invisible elementor-widget elementor-widget-text-editor\" data-id=\"7bbf0965\" data-element_type=\"widget\" data-e-type=\"widget\" data-settings=\"{&quot;_animation&quot;:&quot;fadeIn&quot;}\" data-widget_type=\"text-editor.default\">\n\t\t\t\t<div class=\"elementor-widget-container\">\n\t\t\t\t\t\t\t\t\t<p><strong><span style=\"font-size: medium;\">\u201eDas Geheimnis des Gl\u00fccks liegt nicht im Besitz, sondern im Geben. Wer andere gl\u00fccklich macht, wird gl\u00fccklich.\u201c <\/span><\/strong><span style=\"font-size: small;\">(Andr\u00e9 Gide)<\/span><\/p>\t\t\t\t\t\t\t\t<\/div>\n\t\t\t\t<\/div>\n\t\t\t\t\t<\/div>\n\t\t<\/div>\n\t\t\t\t\t<\/div>\n\t\t<\/section>\n\t\t\t\t<section class=\"elementor-section elementor-top-section elementor-element elementor-element-7a305aef elementor-section-stretched elementor-section-full_width elementor-section-height-default elementor-section-height-default\" data-id=\"7a305aef\" data-element_type=\"section\" data-e-type=\"section\" data-settings=\"{&quot;stretch_section&quot;:&quot;section-stretched&quot;,&quot;background_background&quot;:&quot;classic&quot;}\">\n\t\t\t\t\t\t<div class=\"elementor-container elementor-column-gap-default\">\n\t\t\t\t\t<div class=\"elementor-column elementor-col-100 elementor-top-column elementor-element elementor-element-21aabe1a\" data-id=\"21aabe1a\" data-element_type=\"column\" data-e-type=\"column\">\n\t\t\t<div class=\"elementor-widget-wrap elementor-element-populated\">\n\t\t\t\t\t\t<div class=\"elementor-element elementor-element-13d94fe1 elementor-headline--style-highlight elementor-widget elementor-widget-animated-headline\" data-id=\"13d94fe1\" data-element_type=\"widget\" data-e-type=\"widget\" data-settings=\"{&quot;highlighted_text&quot;:&quot;HIER bewerben&quot;,&quot;headline_style&quot;:&quot;highlight&quot;,&quot;marker&quot;:&quot;circle&quot;,&quot;loop&quot;:&quot;yes&quot;,&quot;highlight_animation_duration&quot;:1200,&quot;highlight_iteration_delay&quot;:8000}\" data-widget_type=\"animated-headline.default\">\n\t\t\t\t<div class=\"elementor-widget-container\">\n\t\t\t\t\t\t\t\t<a href=\"https:\/\/www.elblaeufer.com\/?page_id=353\">\n\n\t\t\t\t\t<h3 class=\"elementor-headline\">\n\t\t\t\t\t<span class=\"elementor-headline-plain-text elementor-headline-text-wrapper\">Talente gesucht: <\/span>\n\t\t\t\t<span class=\"elementor-headline-dynamic-wrapper elementor-headline-text-wrapper\">\n\t\t\t\t\t<span class=\"elementor-headline-dynamic-text elementor-headline-text-active\">HIER bewerben<\/span>\n\t\t\t\t<\/span>\n\t\t\t\t<\/h3>\n\t\t<\/a>\t\t\t\t<\/div>\n\t\t\t\t<\/div>\n\t\t\t\t\t<\/div>\n\t\t<\/div>\n\t\t\t\t\t<\/div>\n\t\t<\/section>\n\t\t\t\t<section class=\"elementor-section elementor-top-section elementor-element elementor-element-5f1e6503 elementor-section-boxed elementor-section-height-default elementor-section-height-default\" data-id=\"5f1e6503\" data-element_type=\"section\" data-e-type=\"section\">\n\t\t\t\t\t\t<div class=\"elementor-container elementor-column-gap-default\">\n\t\t\t\t\t<div class=\"elementor-column elementor-col-100 elementor-top-column elementor-element elementor-element-280d8132\" data-id=\"280d8132\" data-element_type=\"column\" data-e-type=\"column\">\n\t\t\t<div class=\"elementor-widget-wrap elementor-element-populated\">\n\t\t\t\t\t\t<div class=\"elementor-element elementor-element-1ff4aa79 elementor-widget elementor-widget-spacer\" data-id=\"1ff4aa79\" data-element_type=\"widget\" data-e-type=\"widget\" data-widget_type=\"spacer.default\">\n\t\t\t\t<div class=\"elementor-widget-container\">\n\t\t\t\t\t\t\t<div class=\"elementor-spacer\">\n\t\t\t<div class=\"elementor-spacer-inner\"><\/div>\n\t\t<\/div>\n\t\t\t\t\t\t<\/div>\n\t\t\t\t<\/div>\n\t\t\t\t<div class=\"elementor-element elementor-element-6014794 elementor-invisible elementor-widget elementor-widget-text-editor\" data-id=\"6014794\" data-element_type=\"widget\" data-e-type=\"widget\" data-settings=\"{&quot;_animation&quot;:&quot;fadeIn&quot;}\" data-widget_type=\"text-editor.default\">\n\t\t\t\t<div class=\"elementor-widget-container\">\n\t\t\t\t\t\t\t\t\t<span style=\"font-size: large;\">Ohne diese Weisheit und das Bed\u00fcrfnis anderen Menschen ein St\u00fcck der eigenen Selbstbestimmtheit zu erhalten oder zu geben, w\u00e4ren wir alle \u00e4rmer. Der Mensch steht im Mittelpunkt und ist damit Herausforderung und Orientierung.<br><br>\n\nSie setzen sich ein f\u00fcr eine Aufwertung des Alters und stehen hinter einer fachlich, wie menschlich qualifizierte Betreuung und Pflege, sind engagiert und motiviert, p\u00e4dagogisch und fachlich kompetent, dann bewerben Sie sich bei uns; wir suchen (m\/w\/d):\n<br><br><center>\n<li>Alltagsbegleiter<\/li>\n \t<li>Altenpflegerhelfer<\/li>\n \t<li>Pflegeassistent<\/li>\n \t<li>Krankenpfleger<\/li>\n<\/center><\/span>\t\t\t\t\t\t\t\t<\/div>\n\t\t\t\t<\/div>\n\t\t\t\t<div class=\"elementor-element elementor-element-c5ebd63 elementor-align-center elementor-invisible elementor-widget elementor-widget-button\" data-id=\"c5ebd63\" data-element_type=\"widget\" data-e-type=\"widget\" data-settings=\"{&quot;_animation&quot;:&quot;fadeIn&quot;}\" data-widget_type=\"button.default\">\n\t\t\t\t<div class=\"elementor-widget-container\">\n\t\t\t\t\t\t\t\t\t<div class=\"elementor-button-wrapper\">\n\t\t\t\t\t<a class=\"elementor-button elementor-button-link elementor-size-sm\" href=\"https:\/\/www.elblaeufer.com\/?page_id=353\">\n\t\t\t\t\t\t<span class=\"elementor-button-content-wrapper\">\n\t\t\t\t\t\t\t\t\t<span class=\"elementor-button-text\">JETZT bewerben<\/span>\n\t\t\t\t\t<\/span>\n\t\t\t\t\t<\/a>\n\t\t\t\t<\/div>\n\t\t\t\t\t\t\t\t<\/div>\n\t\t\t\t<\/div>\n\t\t\t\t<div class=\"elementor-element elementor-element-7ce66c9 elementor-widget elementor-widget-spacer\" data-id=\"7ce66c9\" data-element_type=\"widget\" data-e-type=\"widget\" data-widget_type=\"spacer.default\">\n\t\t\t\t<div class=\"elementor-widget-container\">\n\t\t\t\t\t\t\t<div class=\"elementor-spacer\">\n\t\t\t<div class=\"elementor-spacer-inner\"><\/div>\n\t\t<\/div>\n\t\t\t\t\t\t<\/div>\n\t\t\t\t<\/div>\n\t\t\t\t\t<\/div>\n\t\t<\/div>\n\t\t\t\t\t<\/div>\n\t\t<\/section>\n\t\t\t\t<section class=\"elementor-section elementor-top-section elementor-element elementor-element-15c2052a elementor-section-stretched elementor-section-full_width elementor-section-height-default elementor-section-height-default\" data-id=\"15c2052a\" data-element_type=\"section\" data-e-type=\"section\" data-settings=\"{&quot;stretch_section&quot;:&quot;section-stretched&quot;,&quot;background_background&quot;:&quot;classic&quot;}\">\n\t\t\t\t\t\t<div class=\"elementor-container elementor-column-gap-default\">\n\t\t\t\t\t<div class=\"elementor-column elementor-col-100 elementor-top-column elementor-element elementor-element-3773bf9c\" data-id=\"3773bf9c\" data-element_type=\"column\" data-e-type=\"column\">\n\t\t\t<div class=\"elementor-widget-wrap elementor-element-populated\">\n\t\t\t\t\t\t<div class=\"elementor-element elementor-element-509c9776 elementor-headline--style-highlight elementor-widget elementor-widget-animated-headline\" data-id=\"509c9776\" data-element_type=\"widget\" data-e-type=\"widget\" data-settings=\"{&quot;highlighted_text&quot;:&quot;HIER bewerben&quot;,&quot;headline_style&quot;:&quot;highlight&quot;,&quot;marker&quot;:&quot;circle&quot;,&quot;loop&quot;:&quot;yes&quot;,&quot;highlight_animation_duration&quot;:1200,&quot;highlight_iteration_delay&quot;:8000}\" data-widget_type=\"animated-headline.default\">\n\t\t\t\t<div class=\"elementor-widget-container\">\n\t\t\t\t\t\t\t\t<a href=\"https:\/\/www.elblaeufer.com\/?page_id=353\">\n\n\t\t\t\t\t<h3 class=\"elementor-headline\">\n\t\t\t\t\t<span class=\"elementor-headline-plain-text elementor-headline-text-wrapper\">Talente gesucht: <\/span>\n\t\t\t\t<span class=\"elementor-headline-dynamic-wrapper elementor-headline-text-wrapper\">\n\t\t\t\t\t<span class=\"elementor-headline-dynamic-text elementor-headline-text-active\">HIER bewerben<\/span>\n\t\t\t\t<\/span>\n\t\t\t\t<\/h3>\n\t\t<\/a>\t\t\t\t<\/div>\n\t\t\t\t<\/div>\n\t\t\t\t\t<\/div>\n\t\t<\/div>\n\t\t\t\t\t<\/div>\n\t\t<\/section>\n\t\t\t\t<section class=\"elementor-section elementor-top-section elementor-element elementor-element-3361ed7e elementor-section-full_width elementor-section-height-default elementor-section-height-default\" data-id=\"3361ed7e\" data-element_type=\"section\" data-e-type=\"section\">\n\t\t\t\t\t\t<div class=\"elementor-container elementor-column-gap-default\">\n\t\t\t\t\t<div class=\"elementor-column elementor-col-100 elementor-top-column elementor-element elementor-element-291cfec7\" data-id=\"291cfec7\" data-element_type=\"column\" data-e-type=\"column\">\n\t\t\t<div class=\"elementor-widget-wrap elementor-element-populated\">\n\t\t\t\t\t\t<div class=\"elementor-element elementor-element-3e97c8e5 elementor-invisible elementor-widget elementor-widget-text-editor\" data-id=\"3e97c8e5\" data-element_type=\"widget\" data-e-type=\"widget\" data-settings=\"{&quot;_animation&quot;:&quot;fadeIn&quot;}\" data-widget_type=\"text-editor.default\">\n\t\t\t\t<div class=\"elementor-widget-container\">\n\t\t\t\t\t\t\t\t\t<p><strong><span style=\"font-size: medium;\">\u201eEs gibt keine gro\u00dfen Entdeckungen und Fortschritte, solange es noch ein ungl\u00fcckliches Kind auf Erden gibt.\u201c <\/span><\/strong><span style=\"font-size: small;\">(Albert Einstein)<\/span><\/p>\t\t\t\t\t\t\t\t<\/div>\n\t\t\t\t<\/div>\n\t\t\t\t\t<\/div>\n\t\t<\/div>\n\t\t\t\t\t<\/div>\n\t\t<\/section>\n\t\t\t\t<section class=\"elementor-section elementor-top-section elementor-element elementor-element-3103e042 elementor-section-boxed elementor-section-height-default elementor-section-height-default\" data-id=\"3103e042\" data-element_type=\"section\" data-e-type=\"section\">\n\t\t\t\t\t\t<div class=\"elementor-container elementor-column-gap-default\">\n\t\t\t\t\t<div class=\"elementor-column elementor-col-100 elementor-top-column elementor-element elementor-element-7c0cdf4a\" data-id=\"7c0cdf4a\" data-element_type=\"column\" data-e-type=\"column\">\n\t\t\t<div class=\"elementor-widget-wrap elementor-element-populated\">\n\t\t\t\t\t\t<div class=\"elementor-element elementor-element-41901025 elementor-invisible elementor-widget elementor-widget-text-editor\" data-id=\"41901025\" data-element_type=\"widget\" data-e-type=\"widget\" data-settings=\"{&quot;_animation&quot;:&quot;fadeIn&quot;}\" data-widget_type=\"text-editor.default\">\n\t\t\t\t<div class=\"elementor-widget-container\">\n\t\t\t\t\t\t\t\t\t<span style=\"font-size: large;\">Sie suchen eine sinnstiftende und abwechslungsreiche T\u00e4tigkeit, m\u00f6gen es, Freizeit, Spiele und andere Aktivit\u00e4ten zu organisieren und anzuleiten und lassen sich dabei vor Allem nicht von Chaos und Unordnung ins Bockshorn jagen. Sie verstehen, dass Regeln nicht nur f\u00fcr Ordnung sorgen, sondern f\u00fcr Kinder auch Sicherheit bedeuten. Ihr Anspruch an Kompetenz ist gro\u00df, steht aber nie \u00fcber dem Individuum. \u2026 dann bewerben Sie (m\/w\/d) sich als:<br><br>\n\n<center>\n \t<li>Erzieher<\/li>\n \t<li>Sozialp\u00e4dagogische Assistent (SPA)<\/li>\n<\/center><\/span>\t\t\t\t\t\t\t\t<\/div>\n\t\t\t\t<\/div>\n\t\t\t\t\t<\/div>\n\t\t<\/div>\n\t\t\t\t\t<\/div>\n\t\t<\/section>\n\t\t\t\t<section class=\"elementor-section elementor-top-section elementor-element elementor-element-a02e196 elementor-section-boxed elementor-section-height-default elementor-section-height-default\" data-id=\"a02e196\" data-element_type=\"section\" data-e-type=\"section\">\n\t\t\t\t\t\t<div class=\"elementor-container elementor-column-gap-default\">\n\t\t\t\t\t<div class=\"elementor-column elementor-col-100 elementor-top-column elementor-element elementor-element-d029d8a\" data-id=\"d029d8a\" data-element_type=\"column\" data-e-type=\"column\">\n\t\t\t<div class=\"elementor-widget-wrap elementor-element-populated\">\n\t\t\t\t\t\t<div class=\"elementor-element elementor-element-e9271c4 elementor-align-center elementor-invisible elementor-widget elementor-widget-button\" data-id=\"e9271c4\" data-element_type=\"widget\" data-e-type=\"widget\" data-settings=\"{&quot;_animation&quot;:&quot;fadeIn&quot;}\" data-widget_type=\"button.default\">\n\t\t\t\t<div class=\"elementor-widget-container\">\n\t\t\t\t\t\t\t\t\t<div class=\"elementor-button-wrapper\">\n\t\t\t\t\t<a class=\"elementor-button elementor-button-link elementor-size-sm\" href=\"https:\/\/www.elblaeufer.com\/?page_id=353\">\n\t\t\t\t\t\t<span class=\"elementor-button-content-wrapper\">\n\t\t\t\t\t\t\t\t\t<span class=\"elementor-button-text\">JETZT bewerben<\/span>\n\t\t\t\t\t<\/span>\n\t\t\t\t\t<\/a>\n\t\t\t\t<\/div>\n\t\t\t\t\t\t\t\t<\/div>\n\t\t\t\t<\/div>\n\t\t\t\t\t<\/div>\n\t\t<\/div>\n\t\t\t\t\t<\/div>\n\t\t<\/section>\n\t\t\t\t<\/div>\n\t\t","protected":false},"excerpt":{"rendered":"<p>\u201eDas Geheimnis des Gl\u00fccks liegt nicht im Besitz, sondern im Geben. Wer andere gl\u00fccklich macht, wird gl\u00fccklich.\u201c (Andr\u00e9 Gide)<\/p>\n","protected":false},"author":1,"featured_media":0,"parent":0,"menu_order":0,"comment_status":"closed","ping_status":"closed","template":"","meta":{"sfsi_plus_gutenberg_text_before_share":"","sfsi_plus_gutenberg_show_text_before_share":"","sfsi_plus_gutenberg_icon_type":"","sfsi_plus_gutenberg_icon_alignemt":"","sfsi_plus_gutenburg_max_per_row":"","footnotes":""},"class_list":["post-41","page","type-page","status-publish","hentry"],"yoast_head":"<!-- This site is optimized with the Yoast SEO plugin v26.8 - https:\/\/yoast.com\/product\/yoast-seo-wordpress\/ -->\n<title>Sozialberufe - Elbl\u00e4ufer<\/title>\n<meta name=\"robots\" content=\"index, follow, max-snippet:-1, max-image-preview:large, max-video-preview:-1\" \/>\n<link rel=\"canonical\" href=\"https:\/\/www.elblaeufer.com\/?page_id=41\" \/>\n<meta property=\"og:locale\" content=\"de_DE\" \/>\n<meta property=\"og:type\" content=\"article\" \/>\n<meta property=\"og:title\" content=\"Sozialberufe - Elbl\u00e4ufer\" \/>\n<meta property=\"og:description\" content=\"\u201eDas Geheimnis des Gl\u00fccks liegt nicht im Besitz, sondern im Geben. Wer andere gl\u00fccklich macht, wird gl\u00fccklich.\u201c (Andr\u00e9 Gide)\" \/>\n<meta property=\"og:url\" content=\"https:\/\/www.elblaeufer.com\/?page_id=41\" \/>\n<meta property=\"og:site_name\" content=\"Elbl\u00e4ufer\" \/>\n<meta property=\"article:modified_time\" content=\"2020-01-06T17:09:16+00:00\" \/>\n<meta name=\"twitter:card\" content=\"summary_large_image\" \/>\n<script type=\"application\/ld+json\" class=\"yoast-schema-graph\">{\"@context\":\"https:\/\/schema.org\",\"@graph\":[{\"@type\":\"WebPage\",\"@id\":\"https:\/\/www.elblaeufer.com\/?page_id=41\",\"url\":\"https:\/\/www.elblaeufer.com\/?page_id=41\",\"name\":\"Sozialberufe - Elbl\u00e4ufer\",\"isPartOf\":{\"@id\":\"https:\/\/www.elblaeufer.com\/#website\"},\"datePublished\":\"2019-12-06T12:33:56+00:00\",\"dateModified\":\"2020-01-06T17:09:16+00:00\",\"breadcrumb\":{\"@id\":\"https:\/\/www.elblaeufer.com\/?page_id=41#breadcrumb\"},\"inLanguage\":\"de\",\"potentialAction\":[{\"@type\":\"ReadAction\",\"target\":[\"https:\/\/www.elblaeufer.com\/?page_id=41\"]}]},{\"@type\":\"BreadcrumbList\",\"@id\":\"https:\/\/www.elblaeufer.com\/?page_id=41#breadcrumb\",\"itemListElement\":[{\"@type\":\"ListItem\",\"position\":1,\"name\":\"Startseite\",\"item\":\"https:\/\/www.elblaeufer.com\/\"},{\"@type\":\"ListItem\",\"position\":2,\"name\":\"Sozialberufe\"}]},{\"@type\":\"WebSite\",\"@id\":\"https:\/\/www.elblaeufer.com\/#website\",\"url\":\"https:\/\/www.elblaeufer.com\/\",\"name\":\"Elbl\u00e4ufer\",\"description\":\"\",\"publisher\":{\"@id\":\"https:\/\/www.elblaeufer.com\/#organization\"},\"potentialAction\":[{\"@type\":\"SearchAction\",\"target\":{\"@type\":\"EntryPoint\",\"urlTemplate\":\"https:\/\/www.elblaeufer.com\/?s={search_term_string}\"},\"query-input\":{\"@type\":\"PropertyValueSpecification\",\"valueRequired\":true,\"valueName\":\"search_term_string\"}}],\"inLanguage\":\"de\"},{\"@type\":\"Organization\",\"@id\":\"https:\/\/www.elblaeufer.com\/#organization\",\"name\":\"Elbl\u00e4ufer\",\"url\":\"https:\/\/www.elblaeufer.com\/\",\"logo\":{\"@type\":\"ImageObject\",\"inLanguage\":\"de\",\"@id\":\"https:\/\/www.elblaeufer.com\/#\/schema\/logo\/image\/\",\"url\":\"https:\/\/www.elblaeufer.com\/wp-content\/uploads\/2019\/12\/cropped-ELBLA\u00a6\u00eaUFER-Logo-vertikal-02.png\",\"contentUrl\":\"https:\/\/www.elblaeufer.com\/wp-content\/uploads\/2019\/12\/cropped-ELBLA\u00a6\u00eaUFER-Logo-vertikal-02.png\",\"width\":1843,\"height\":426,\"caption\":\"Elbl\u00e4ufer\"},\"image\":{\"@id\":\"https:\/\/www.elblaeufer.com\/#\/schema\/logo\/image\/\"}}]}<\/script>\n<!-- \/ Yoast SEO plugin. -->","yoast_head_json":{"title":"Sozialberufe - Elbl\u00e4ufer","robots":{"index":"index","follow":"follow","max-snippet":"max-snippet:-1","max-image-preview":"max-image-preview:large","max-video-preview":"max-video-preview:-1"},"canonical":"https:\/\/www.elblaeufer.com\/?page_id=41","og_locale":"de_DE","og_type":"article","og_title":"Sozialberufe - Elbl\u00e4ufer","og_description":"\u201eDas Geheimnis des Gl\u00fccks liegt nicht im Besitz, sondern im Geben. Wer andere gl\u00fccklich macht, wird gl\u00fccklich.\u201c (Andr\u00e9 Gide)","og_url":"https:\/\/www.elblaeufer.com\/?page_id=41","og_site_name":"Elbl\u00e4ufer","article_modified_time":"2020-01-06T17:09:16+00:00","twitter_card":"summary_large_image","schema":{"@context":"https:\/\/schema.org","@graph":[{"@type":"WebPage","@id":"https:\/\/www.elblaeufer.com\/?page_id=41","url":"https:\/\/www.elblaeufer.com\/?page_id=41","name":"Sozialberufe - Elbl\u00e4ufer","isPartOf":{"@id":"https:\/\/www.elblaeufer.com\/#website"},"datePublished":"2019-12-06T12:33:56+00:00","dateModified":"2020-01-06T17:09:16+00:00","breadcrumb":{"@id":"https:\/\/www.elblaeufer.com\/?page_id=41#breadcrumb"},"inLanguage":"de","potentialAction":[{"@type":"ReadAction","target":["https:\/\/www.elblaeufer.com\/?page_id=41"]}]},{"@type":"BreadcrumbList","@id":"https:\/\/www.elblaeufer.com\/?page_id=41#breadcrumb","itemListElement":[{"@type":"ListItem","position":1,"name":"Startseite","item":"https:\/\/www.elblaeufer.com\/"},{"@type":"ListItem","position":2,"name":"Sozialberufe"}]},{"@type":"WebSite","@id":"https:\/\/www.elblaeufer.com\/#website","url":"https:\/\/www.elblaeufer.com\/","name":"Elbl\u00e4ufer","description":"","publisher":{"@id":"https:\/\/www.elblaeufer.com\/#organization"},"potentialAction":[{"@type":"SearchAction","target":{"@type":"EntryPoint","urlTemplate":"https:\/\/www.elblaeufer.com\/?s={search_term_string}"},"query-input":{"@type":"PropertyValueSpecification","valueRequired":true,"valueName":"search_term_string"}}],"inLanguage":"de"},{"@type":"Organization","@id":"https:\/\/www.elblaeufer.com\/#organization","name":"Elbl\u00e4ufer","url":"https:\/\/www.elblaeufer.com\/","logo":{"@type":"ImageObject","inLanguage":"de","@id":"https:\/\/www.elblaeufer.com\/#\/schema\/logo\/image\/","url":"https:\/\/www.elblaeufer.com\/wp-content\/uploads\/2019\/12\/cropped-ELBLA\u00a6\u00eaUFER-Logo-vertikal-02.png","contentUrl":"https:\/\/www.elblaeufer.com\/wp-content\/uploads\/2019\/12\/cropped-ELBLA\u00a6\u00eaUFER-Logo-vertikal-02.png","width":1843,"height":426,"caption":"Elbl\u00e4ufer"},"image":{"@id":"https:\/\/www.elblaeufer.com\/#\/schema\/logo\/image\/"}}]}},"jetpack_sharing_enabled":true,"_links":{"self":[{"href":"https:\/\/www.elblaeufer.com\/index.php?rest_route=\/wp\/v2\/pages\/41","targetHints":{"allow":["GET"]}}],"collection":[{"href":"https:\/\/www.elblaeufer.com\/index.php?rest_route=\/wp\/v2\/pages"}],"about":[{"href":"https:\/\/www.elblaeufer.com\/index.php?rest_route=\/wp\/v2\/types\/page"}],"author":[{"embeddable":true,"href":"https:\/\/www.elblaeufer.com\/index.php?rest_route=\/wp\/v2\/users\/1"}],"replies":[{"embeddable":true,"href":"https:\/\/www.elblaeufer.com\/index.php?rest_route=%2Fwp%2Fv2%2Fcomments&post=41"}],"version-history":[{"count":13,"href":"https:\/\/www.elblaeufer.com\/index.php?rest_route=\/wp\/v2\/pages\/41\/revisions"}],"predecessor-version":[{"id":449,"href":"https:\/\/www.elblaeufer.com\/index.php?rest_route=\/wp\/v2\/pages\/41\/revisions\/449"}],"wp:attachment":[{"href":"https:\/\/www.elblaeufer.com\/index.php?rest_route=%2Fwp%2Fv2%2Fmedia&parent=41"}],"curies":[{"name":"wp","href":"https:\/\/api.w.org\/{rel}","templated":true}]}}