{"id":55,"date":"2019-12-06T12:35:23","date_gmt":"2019-12-06T12:35:23","guid":{"rendered":"https:\/\/www.elblaeufer.com\/?page_id=55"},"modified":"2023-11-16T17:40:54","modified_gmt":"2023-11-16T17:40:54","slug":"kontakt","status":"publish","type":"page","link":"https:\/\/www.elblaeufer.com\/?page_id=55","title":{"rendered":"Kontakt"},"content":{"rendered":"\t\t<div data-elementor-type=\"wp-page\" data-elementor-id=\"55\" class=\"elementor elementor-55\" data-elementor-post-type=\"page\">\n\t\t\t\t\t\t<section class=\"elementor-section elementor-top-section elementor-element elementor-element-5c3206c6 elementor-section-boxed elementor-section-height-default elementor-section-height-default\" data-id=\"5c3206c6\" data-element_type=\"section\" data-e-type=\"section\">\n\t\t\t\t\t\t<div class=\"elementor-container elementor-column-gap-default\">\n\t\t\t\t\t<div class=\"elementor-column elementor-col-100 elementor-top-column elementor-element elementor-element-7cf38142\" data-id=\"7cf38142\" data-element_type=\"column\" data-e-type=\"column\">\n\t\t\t<div class=\"elementor-widget-wrap elementor-element-populated\">\n\t\t\t\t\t\t<div class=\"elementor-element elementor-element-4782069a elementor-invisible elementor-widget elementor-widget-text-editor\" data-id=\"4782069a\" data-element_type=\"widget\" data-e-type=\"widget\" data-settings=\"{&quot;_animation&quot;:&quot;fadeIn&quot;}\" data-widget_type=\"text-editor.default\">\n\t\t\t\t<div class=\"elementor-widget-container\">\n\t\t\t\t\t\t\t\t\t\n<p><\/p>\n\t\t\t\t\t\t\t\t<\/div>\n\t\t\t\t<\/div>\n\t\t\t\t\t<\/div>\n\t\t<\/div>\n\t\t\t\t\t<\/div>\n\t\t<\/section>\n\t\t\t\t<section class=\"elementor-section elementor-top-section elementor-element elementor-element-a4f6dfb elementor-section-full_width elementor-section-height-default elementor-section-height-default\" data-id=\"a4f6dfb\" data-element_type=\"section\" data-e-type=\"section\">\n\t\t\t\t\t\t<div class=\"elementor-container elementor-column-gap-default\">\n\t\t\t\t\t<div class=\"elementor-column elementor-col-100 elementor-top-column elementor-element elementor-element-74bc3bb1\" data-id=\"74bc3bb1\" data-element_type=\"column\" data-e-type=\"column\">\n\t\t\t<div class=\"elementor-widget-wrap elementor-element-populated\">\n\t\t\t\t\t\t<div class=\"elementor-element elementor-element-1095904a elementor-invisible elementor-widget elementor-widget-text-editor\" data-id=\"1095904a\" data-element_type=\"widget\" data-e-type=\"widget\" data-settings=\"{&quot;_animation&quot;:&quot;fadeIn&quot;}\" data-widget_type=\"text-editor.default\">\n\t\t\t\t<div class=\"elementor-widget-container\">\n\t\t\t\t\t\t\t\t\t<p><span style=\"font-size: medium;\"><strong>&#8222;Was wir brauchen, sind ein paar verr\u00fcckte Leute; seht euch an, wohin uns die Normalen gebracht haben.&#8220;<\/strong> <\/span><span style=\"font-size: small;\">(George Bernhard Shaw)<\/span><\/p>\t\t\t\t\t\t\t\t<\/div>\n\t\t\t\t<\/div>\n\t\t\t\t\t<\/div>\n\t\t<\/div>\n\t\t\t\t\t<\/div>\n\t\t<\/section>\n\t\t\t\t<section class=\"elementor-section elementor-top-section elementor-element elementor-element-1442aaa4 elementor-section-stretched elementor-section-full_width elementor-section-height-default elementor-section-height-default\" data-id=\"1442aaa4\" data-element_type=\"section\" data-e-type=\"section\" data-settings=\"{&quot;stretch_section&quot;:&quot;section-stretched&quot;}\">\n\t\t\t\t\t\t<div class=\"elementor-container elementor-column-gap-default\">\n\t\t\t\t\t<div class=\"elementor-column elementor-col-100 elementor-top-column elementor-element elementor-element-49a1db30\" data-id=\"49a1db30\" data-element_type=\"column\" data-e-type=\"column\">\n\t\t\t<div class=\"elementor-widget-wrap elementor-element-populated\">\n\t\t\t\t\t\t<div class=\"elementor-element elementor-element-18beb3d3 elementor-widget-divider--view-line elementor-invisible elementor-widget elementor-widget-divider\" data-id=\"18beb3d3\" data-element_type=\"widget\" data-e-type=\"widget\" data-settings=\"{&quot;_animation&quot;:&quot;fadeIn&quot;}\" data-widget_type=\"divider.default\">\n\t\t\t\t<div class=\"elementor-widget-container\">\n\t\t\t\t\t\t\t<div class=\"elementor-divider\">\n\t\t\t<span class=\"elementor-divider-separator\">\n\t\t\t\t\t\t<\/span>\n\t\t<\/div>\n\t\t\t\t\t\t<\/div>\n\t\t\t\t<\/div>\n\t\t\t\t\t<\/div>\n\t\t<\/div>\n\t\t\t\t\t<\/div>\n\t\t<\/section>\n\t\t\t\t<section class=\"elementor-section elementor-top-section elementor-element elementor-element-a27199e elementor-section-boxed elementor-section-height-default elementor-section-height-default\" data-id=\"a27199e\" data-element_type=\"section\" data-e-type=\"section\">\n\t\t\t\t\t\t<div class=\"elementor-container elementor-column-gap-default\">\n\t\t\t\t\t<div class=\"elementor-column elementor-col-100 elementor-top-column elementor-element elementor-element-cf6e733\" data-id=\"cf6e733\" data-element_type=\"column\" data-e-type=\"column\">\n\t\t\t<div class=\"elementor-widget-wrap elementor-element-populated\">\n\t\t\t\t\t\t<div class=\"elementor-element elementor-element-eb0566a elementor-widget elementor-widget-text-editor\" data-id=\"eb0566a\" data-element_type=\"widget\" data-e-type=\"widget\" data-widget_type=\"text-editor.default\">\n\t\t\t\t<div class=\"elementor-widget-container\">\n\t\t\t\t\t\t\t\t\t<p><span style=\"font-size: large;\"><span style=\"font-size: large;\"> <strong>Elbl\u00e4ufer GmbH<\/strong><br \/><br \/>Werner-von-Siemens-Stra\u00dfe 12<br \/>24568 Kaltenkirchen<br \/><\/span><br \/><\/span><\/p>\n<p>Fon: +49 (40) 524 74 5000 <br \/>Fax: +49 (40) 524 74 5019<br \/>Email: <a href=\"mailto:info@elblaeufer.com\">info@elblaeufer.com<\/a> <br \/><br \/>Gerichtsstand Kiel, HRB: 20204<br \/>Steuernummer: 11\/293\/09958<br \/>Ust-IdNr. DE 321 35 88 76<\/p>\n<p>\u00a0<\/p>\n<p><strong>GESCH\u00c4FTSF\u00dcHRUNG<\/strong><\/p>\n<p>Sven Hansen (Fachhochschule Wirtschaft, Fachkraft f\u00fcr Lebensmitteltechnik, Fahrlehrer)<\/p>\n<p>Email: <a href=\"mailto:s.hansen@elblaeufer.com\">s.hansen@elblaeufer.com<\/a><\/p>\n<p><br \/><strong>QUALIT\u00c4TSMANAGEMENT<\/strong><br \/>J\u00f6rg Sommer (Diplom Sozial\u00f6konom)<br \/>Email: <a href=\"mailto:j.sommer@elblaeufer.com\">j.sommer@elblaeufer.com<\/a><\/p>\n<p>\u00a0<\/p>\n<p><strong><u>B\u00fcrozeiten<\/u><\/strong><\/p>\n<p>Montag \u2013 Freitag 10.00 bis 18.00 Uhr<\/p>\n<p>Termine: nach telefonischer Absprache<\/p>\n<p>\u00a0<\/p>\n<p><strong><u>Themenspezifische Mailadressen:<\/u><\/strong><\/p>\n<p>\u00a0<\/p>\n<ol>\n<li><strong>Allgemeine Anfragen<\/strong>: <a href=\"mailto:info@elblaeufer.com\">info@elblaeufer.com<\/a><\/li>\n<li><strong>Lohnabrechnung &amp; Debitorenrechnungen<\/strong>: <a href=\"mailto:buchhaltung@elblaeufer.com\">buchhaltung@elblaeufer.com<\/a><\/li>\n<li><strong>Bewerbung<\/strong>: <a href=\"mailto:bewerbung@elblaeufer.com\">bewerbung@elblaeufer.com<\/a><\/li>\n<li><strong>Datenschutz<\/strong>: <a href=\"mailto:datenschutz@elblaeufer.com\">datenschutz@elblaeufer.com<\/a><\/li>\n<li><strong>Meldestelle i.S.d. Hinweisgeberschutzgesetzes:<\/strong> <a href=\"mailto:vertraulich@elblaeufer.com\">vertraulich@elblaeufer.com<\/a><\/li>\n<\/ol>\t\t\t\t\t\t\t\t<\/div>\n\t\t\t\t<\/div>\n\t\t\t\t\t<\/div>\n\t\t<\/div>\n\t\t\t\t\t<\/div>\n\t\t<\/section>\n\t\t\t\t<\/div>\n\t\t","protected":false},"excerpt":{"rendered":"<p>&#8222;Was wir brauchen, sind ein paar verr\u00fcckte Leute; seht euch an, wohin uns die Normalen gebracht haben.&#8220; (George Bernhard Shaw) Elbl\u00e4ufer GmbH Werner-von-Siemens-Stra\u00dfe 1224568 Kaltenkirchen Fon: +49 (40) 524 74 5000 Fax: +49 (40) 524 74 5019Email: info@elblaeufer.com Gerichtsstand Kiel, HRB: 20204Steuernummer: 11\/293\/09958Ust-IdNr. DE 321 35 88 76 \u00a0 GESCH\u00c4FTSF\u00dcHRUNG Sven Hansen (Fachhochschule Wirtschaft, Fachkraft [&hellip;]<\/p>\n","protected":false},"author":1,"featured_media":0,"parent":0,"menu_order":0,"comment_status":"closed","ping_status":"closed","template":"","meta":{"sfsi_plus_gutenberg_text_before_share":"","sfsi_plus_gutenberg_show_text_before_share":"","sfsi_plus_gutenberg_icon_type":"","sfsi_plus_gutenberg_icon_alignemt":"","sfsi_plus_gutenburg_max_per_row":"","footnotes":""},"class_list":["post-55","page","type-page","status-publish","hentry"],"yoast_head":"<!-- This site is optimized with the Yoast SEO plugin v26.8 - https:\/\/yoast.com\/product\/yoast-seo-wordpress\/ -->\n<title>Kontakt - Elbl\u00e4ufer<\/title>\n<meta name=\"robots\" content=\"index, follow, max-snippet:-1, max-image-preview:large, max-video-preview:-1\" \/>\n<link rel=\"canonical\" href=\"https:\/\/www.elblaeufer.com\/?page_id=55\" \/>\n<meta property=\"og:locale\" content=\"de_DE\" \/>\n<meta property=\"og:type\" content=\"article\" \/>\n<meta property=\"og:title\" content=\"Kontakt - Elbl\u00e4ufer\" \/>\n<meta property=\"og:description\" content=\"&#8222;Was wir brauchen, sind ein paar verr\u00fcckte Leute; seht euch an, wohin uns die Normalen gebracht haben.&#8220; (George Bernhard Shaw) Elbl\u00e4ufer GmbH Werner-von-Siemens-Stra\u00dfe 1224568 Kaltenkirchen Fon: +49 (40) 524 74 5000 Fax: +49 (40) 524 74 5019Email: info@elblaeufer.com Gerichtsstand Kiel, HRB: 20204Steuernummer: 11\/293\/09958Ust-IdNr. DE 321 35 88 76 \u00a0 GESCH\u00c4FTSF\u00dcHRUNG Sven Hansen (Fachhochschule Wirtschaft, Fachkraft [&hellip;]\" \/>\n<meta property=\"og:url\" content=\"https:\/\/www.elblaeufer.com\/?page_id=55\" \/>\n<meta property=\"og:site_name\" content=\"Elbl\u00e4ufer\" \/>\n<meta property=\"article:modified_time\" content=\"2023-11-16T17:40:54+00:00\" \/>\n<meta name=\"twitter:card\" content=\"summary_large_image\" \/>\n<meta name=\"twitter:label1\" content=\"Gesch\u00e4tzte Lesezeit\" \/>\n\t<meta name=\"twitter:data1\" content=\"1\u00a0Minute\" \/>\n<script type=\"application\/ld+json\" class=\"yoast-schema-graph\">{\"@context\":\"https:\/\/schema.org\",\"@graph\":[{\"@type\":\"WebPage\",\"@id\":\"https:\/\/www.elblaeufer.com\/?page_id=55\",\"url\":\"https:\/\/www.elblaeufer.com\/?page_id=55\",\"name\":\"Kontakt - Elbl\u00e4ufer\",\"isPartOf\":{\"@id\":\"https:\/\/www.elblaeufer.com\/#website\"},\"datePublished\":\"2019-12-06T12:35:23+00:00\",\"dateModified\":\"2023-11-16T17:40:54+00:00\",\"breadcrumb\":{\"@id\":\"https:\/\/www.elblaeufer.com\/?page_id=55#breadcrumb\"},\"inLanguage\":\"de\",\"potentialAction\":[{\"@type\":\"ReadAction\",\"target\":[\"https:\/\/www.elblaeufer.com\/?page_id=55\"]}]},{\"@type\":\"BreadcrumbList\",\"@id\":\"https:\/\/www.elblaeufer.com\/?page_id=55#breadcrumb\",\"itemListElement\":[{\"@type\":\"ListItem\",\"position\":1,\"name\":\"Startseite\",\"item\":\"https:\/\/www.elblaeufer.com\/\"},{\"@type\":\"ListItem\",\"position\":2,\"name\":\"Kontakt\"}]},{\"@type\":\"WebSite\",\"@id\":\"https:\/\/www.elblaeufer.com\/#website\",\"url\":\"https:\/\/www.elblaeufer.com\/\",\"name\":\"Elbl\u00e4ufer\",\"description\":\"\",\"publisher\":{\"@id\":\"https:\/\/www.elblaeufer.com\/#organization\"},\"potentialAction\":[{\"@type\":\"SearchAction\",\"target\":{\"@type\":\"EntryPoint\",\"urlTemplate\":\"https:\/\/www.elblaeufer.com\/?s={search_term_string}\"},\"query-input\":{\"@type\":\"PropertyValueSpecification\",\"valueRequired\":true,\"valueName\":\"search_term_string\"}}],\"inLanguage\":\"de\"},{\"@type\":\"Organization\",\"@id\":\"https:\/\/www.elblaeufer.com\/#organization\",\"name\":\"Elbl\u00e4ufer\",\"url\":\"https:\/\/www.elblaeufer.com\/\",\"logo\":{\"@type\":\"ImageObject\",\"inLanguage\":\"de\",\"@id\":\"https:\/\/www.elblaeufer.com\/#\/schema\/logo\/image\/\",\"url\":\"https:\/\/www.elblaeufer.com\/wp-content\/uploads\/2019\/12\/cropped-ELBLA\u00a6\u00eaUFER-Logo-vertikal-02.png\",\"contentUrl\":\"https:\/\/www.elblaeufer.com\/wp-content\/uploads\/2019\/12\/cropped-ELBLA\u00a6\u00eaUFER-Logo-vertikal-02.png\",\"width\":1843,\"height\":426,\"caption\":\"Elbl\u00e4ufer\"},\"image\":{\"@id\":\"https:\/\/www.elblaeufer.com\/#\/schema\/logo\/image\/\"}}]}<\/script>\n<!-- \/ Yoast SEO plugin. -->","yoast_head_json":{"title":"Kontakt - Elbl\u00e4ufer","robots":{"index":"index","follow":"follow","max-snippet":"max-snippet:-1","max-image-preview":"max-image-preview:large","max-video-preview":"max-video-preview:-1"},"canonical":"https:\/\/www.elblaeufer.com\/?page_id=55","og_locale":"de_DE","og_type":"article","og_title":"Kontakt - Elbl\u00e4ufer","og_description":"&#8222;Was wir brauchen, sind ein paar verr\u00fcckte Leute; seht euch an, wohin uns die Normalen gebracht haben.&#8220; (George Bernhard Shaw) Elbl\u00e4ufer GmbH Werner-von-Siemens-Stra\u00dfe 1224568 Kaltenkirchen Fon: +49 (40) 524 74 5000 Fax: +49 (40) 524 74 5019Email: info@elblaeufer.com Gerichtsstand Kiel, HRB: 20204Steuernummer: 11\/293\/09958Ust-IdNr. DE 321 35 88 76 \u00a0 GESCH\u00c4FTSF\u00dcHRUNG Sven Hansen (Fachhochschule Wirtschaft, Fachkraft [&hellip;]","og_url":"https:\/\/www.elblaeufer.com\/?page_id=55","og_site_name":"Elbl\u00e4ufer","article_modified_time":"2023-11-16T17:40:54+00:00","twitter_card":"summary_large_image","twitter_misc":{"Gesch\u00e4tzte Lesezeit":"1\u00a0Minute"},"schema":{"@context":"https:\/\/schema.org","@graph":[{"@type":"WebPage","@id":"https:\/\/www.elblaeufer.com\/?page_id=55","url":"https:\/\/www.elblaeufer.com\/?page_id=55","name":"Kontakt - Elbl\u00e4ufer","isPartOf":{"@id":"https:\/\/www.elblaeufer.com\/#website"},"datePublished":"2019-12-06T12:35:23+00:00","dateModified":"2023-11-16T17:40:54+00:00","breadcrumb":{"@id":"https:\/\/www.elblaeufer.com\/?page_id=55#breadcrumb"},"inLanguage":"de","potentialAction":[{"@type":"ReadAction","target":["https:\/\/www.elblaeufer.com\/?page_id=55"]}]},{"@type":"BreadcrumbList","@id":"https:\/\/www.elblaeufer.com\/?page_id=55#breadcrumb","itemListElement":[{"@type":"ListItem","position":1,"name":"Startseite","item":"https:\/\/www.elblaeufer.com\/"},{"@type":"ListItem","position":2,"name":"Kontakt"}]},{"@type":"WebSite","@id":"https:\/\/www.elblaeufer.com\/#website","url":"https:\/\/www.elblaeufer.com\/","name":"Elbl\u00e4ufer","description":"","publisher":{"@id":"https:\/\/www.elblaeufer.com\/#organization"},"potentialAction":[{"@type":"SearchAction","target":{"@type":"EntryPoint","urlTemplate":"https:\/\/www.elblaeufer.com\/?s={search_term_string}"},"query-input":{"@type":"PropertyValueSpecification","valueRequired":true,"valueName":"search_term_string"}}],"inLanguage":"de"},{"@type":"Organization","@id":"https:\/\/www.elblaeufer.com\/#organization","name":"Elbl\u00e4ufer","url":"https:\/\/www.elblaeufer.com\/","logo":{"@type":"ImageObject","inLanguage":"de","@id":"https:\/\/www.elblaeufer.com\/#\/schema\/logo\/image\/","url":"https:\/\/www.elblaeufer.com\/wp-content\/uploads\/2019\/12\/cropped-ELBLA\u00a6\u00eaUFER-Logo-vertikal-02.png","contentUrl":"https:\/\/www.elblaeufer.com\/wp-content\/uploads\/2019\/12\/cropped-ELBLA\u00a6\u00eaUFER-Logo-vertikal-02.png","width":1843,"height":426,"caption":"Elbl\u00e4ufer"},"image":{"@id":"https:\/\/www.elblaeufer.com\/#\/schema\/logo\/image\/"}}]}},"jetpack_sharing_enabled":true,"_links":{"self":[{"href":"https:\/\/www.elblaeufer.com\/index.php?rest_route=\/wp\/v2\/pages\/55","targetHints":{"allow":["GET"]}}],"collection":[{"href":"https:\/\/www.elblaeufer.com\/index.php?rest_route=\/wp\/v2\/pages"}],"about":[{"href":"https:\/\/www.elblaeufer.com\/index.php?rest_route=\/wp\/v2\/types\/page"}],"author":[{"embeddable":true,"href":"https:\/\/www.elblaeufer.com\/index.php?rest_route=\/wp\/v2\/users\/1"}],"replies":[{"embeddable":true,"href":"https:\/\/www.elblaeufer.com\/index.php?rest_route=%2Fwp%2Fv2%2Fcomments&post=55"}],"version-history":[{"count":10,"href":"https:\/\/www.elblaeufer.com\/index.php?rest_route=\/wp\/v2\/pages\/55\/revisions"}],"predecessor-version":[{"id":720,"href":"https:\/\/www.elblaeufer.com\/index.php?rest_route=\/wp\/v2\/pages\/55\/revisions\/720"}],"wp:attachment":[{"href":"https:\/\/www.elblaeufer.com\/index.php?rest_route=%2Fwp%2Fv2%2Fmedia&parent=55"}],"curies":[{"name":"wp","href":"https:\/\/api.w.org\/{rel}","templated":true}]}}